{"id":38,"date":"2019-01-18T19:57:03","date_gmt":"2019-01-18T19:57:03","guid":{"rendered":"https:\/\/dobrekoncerty.com\/?page_id=38"},"modified":"2022-05-19T11:19:00","modified_gmt":"2022-05-19T11:19:00","slug":"38-2","status":"publish","type":"page","link":"https:\/\/dobrekoncerty.com\/","title":{"rendered":"WWW.DOBREKONCERTY.PL"},"content":{"rendered":"<p>[et_pb_section fb_built=&#8221;1&#8243; _builder_version=&#8221;3.0.89&#8243; background_image=&#8221;https:\/\/dobrekoncerty.com\/wp-content\/uploads\/2019\/01\/123123123123123.jpg&#8221; allow_player_pause=&#8221;on&#8221; custom_padding=&#8221;0px|0px|26px|0px&#8221;][et_pb_row custom_padding=&#8221;27px|0px|285px|0px&#8221; _builder_version=&#8221;3.0.89&#8243;][et_pb_column type=&#8221;1_2&#8243; _builder_version=&#8221;3.0.89&#8243; parallax=&#8221;off&#8221; parallax_method=&#8221;on&#8221;][\/et_pb_column][et_pb_column type=&#8221;1_2&#8243; _builder_version=&#8221;3.0.89&#8243; parallax=&#8221;off&#8221; parallax_method=&#8221;on&#8221;][et_pb_text background_layout=&#8221;dark&#8221; _builder_version=&#8221;3.0.89&#8243; text_font=&#8221;||||||||&#8221; text_font_size=&#8221;77px&#8221; text_font_size_phone=&#8221;10px&#8221; text_font_size_last_edited=&#8221;on|desktop&#8221; text_letter_spacing=&#8221;12px&#8221; text_line_height=&#8221;1.9em&#8221; text_orientation=&#8221;center&#8221; animation_style=&#8221;fade&#8221;]<\/p>\n<h1><\/h1>\n<h1><\/h1>\n<h1><\/h1>\n<h1><\/h1>\n<h1><\/h1>\n<h1><\/h1>\n<h1><\/h1>\n<h1><\/h1>\n<h1><\/h1>\n<h1><\/h1>\n<h1><\/h1>\n<h1><\/h1>\n<h1><\/h1>\n<h1><\/h1>\n<h1><\/h1>\n<h1><\/h1>\n<h3>DOBRE KONCERTY<\/h3>\n<p>[\/et_pb_text][\/et_pb_column][\/et_pb_row][\/et_pb_section][et_pb_section fb_built=&#8221;1&#8243; fullwidth=&#8221;on&#8221; _builder_version=&#8221;3.0.89&#8243; custom_padding=&#8221;0px|0px|0px|0px&#8221;][\/et_pb_section][et_pb_section fb_built=&#8221;1&#8243; _builder_version=&#8221;3.0.89&#8243; custom_padding=&#8221;0px|0px|54px|0px&#8221;][et_pb_row _builder_version=&#8221;3.0.89&#8243;][et_pb_column type=&#8221;1_2&#8243; _builder_version=&#8221;3.0.89&#8243; parallax=&#8221;off&#8221; parallax_method=&#8221;on&#8221;][et_pb_text _builder_version=&#8221;3.0.89&#8243;]<\/p>\n<div class=\"_2cuy _3dgx _2vxa\"><strong><span class=\"_4yxo\">DOBRE KONCERTY<\/span><\/strong><\/div>\n<div class=\"_2cuy _3dgx _2vxa\">\n<p>tworzycie Pa\u0144stwo razem z nami jako samodzielne wydarzenia lub cz\u0119\u015b\u0107 wi\u0119kszych imprez.<\/p>\n<\/div>\n<div class=\"_2cuy _3dgx _2vxa\">\n<p><strong>DOBRE KONCERTY<\/strong> to ponad 1500 wyst\u0119p\u00f3w w Polsce, Europie, USA i Chinach.<\/p>\n<\/div>\n<div class=\"_2cuy _3dgx _2vxa\">\n<p><strong>DOBRE KONCERTY<\/strong> to spotkanie z drugim cz\u0142owiekiem. Cieszy nas dialog, kt\u00f3ry si\u0119 mi\u0119dzy nami tworzy oraz miejsca i wspomnienia ludzi, z kt\u00f3rymi dzielimy si\u0119 pasj\u0105.<\/p>\n<\/div>\n<div class=\"_2cuy _3dgx _2vxa\">\n<p><strong>DOBRE KONCERTY<\/strong> to po\u0142\u0105czenie gruntownego wykszta\u0142cenia z do\u015bwiadczeniem na scenie i dobry wyb\u00f3r z wielu dost\u0119pnych na rynku propozycji.<\/p>\n<\/div>\n<div class=\"_2cuy _3dgx _2vxa\">\n<p><strong>DOBRE KONCERTY<\/strong> to artystyczne podr\u00f3\u017ce w towarzystwie arcydzie\u0142 muzyki klasycznej oraz najwi\u0119kszych przeboj\u00f3w muzyki popularnej z ca\u0142ego \u015bwiata.<\/p>\n<\/div>\n<div class=\"_2cuy _3dgx _2vxa\"><strong><span class=\"_4yxo\">DOBRE KONCERTY <\/span><\/strong>s\u0105 do\u015bwiadczaniem kultury oraz warto\u015bciow\u0105 form\u0105 sp\u0119dzenia czasu.<\/div>\n<div class=\"_2cuy _3dgx _2vxa\"><span class=\"_4yxp\">Wojciech Poprawa<\/span><\/div>\n<p>[\/et_pb_text][\/et_pb_column][et_pb_column type=&#8221;1_2&#8243; _builder_version=&#8221;3.0.89&#8243; parallax=&#8221;off&#8221; parallax_method=&#8221;on&#8221;][et_pb_image src=&#8221;https:\/\/dobrekoncerty.com\/wp-content\/uploads\/2019\/01\/MALY2.jpg&#8221; _builder_version=&#8221;3.0.89&#8243;][\/et_pb_image][\/et_pb_column][\/et_pb_row][\/et_pb_section][et_pb_section fb_built=&#8221;1&#8243; background_color=&#8221;#ffffff&#8221; inner_shadow=&#8221;on&#8221; admin_label=&#8221;\u0179r\u00f3d\u0142o grafiki: https:\/\/katowice.ipn.gov.pl\/pl3\/aktualnosci\/104217,Katowicki-IPN-przygotowal-replike-sztandaru-powstanczego- Tobie-Polsko-z-okazji-1.html&#8221; _builder_version=&#8221;3.0.89&#8243; use_background_color_gradient=&#8221;on&#8221; background_color_gradient_start=&#8221;rgba(255,255,255,0.46)&#8221; background_color_gradient_end=&#8221;rgba(0,0,0,0.48)&#8221; background_color_gradient_type=&#8221;radial&#8221; background_color_gradient_start_position=&#8221;25%&#8221; background_color_gradient_end_position=&#8221;81%&#8221; background_color_gradient_overlays_image=&#8221;on&#8221; background_image=&#8221;https:\/\/dobrekoncerty.com\/wp-content\/uploads\/2022\/03\/81-447102.jpg&#8221; parallax=&#8221;on&#8221; border_width_top=&#8221;5px&#8221; border_style_top=&#8221;ridge&#8221; border_width_bottom=&#8221;5px&#8221; border_style_bottom=&#8221;ridge&#8221; module_alignment=&#8221;center&#8221; custom_padding=&#8221;0px|0px|1px|0px&#8221; box_shadow_style=&#8221;preset1&#8243; box_shadow_vertical=&#8221;0px&#8221; box_shadow_blur=&#8221;55px&#8221; box_shadow_spread=&#8221;35px&#8221; box_shadow_color=&#8221;rgba(0,0,0,0.38)&#8221;][et_pb_row custom_padding=&#8221;27px|0px|1px|0px&#8221; _builder_version=&#8221;3.0.89&#8243; use_background_color_gradient=&#8221;on&#8221; background_color_gradient_start=&#8221;rgba(0,0,0,0.72)&#8221; background_color_gradient_end=&#8221;rgba(255,255,255,0)&#8221; background_color_gradient_type=&#8221;radial&#8221; background_color_gradient_end_position=&#8221;89%&#8221; background_color_gradient_overlays_image=&#8221;on&#8221;][et_pb_column type=&#8221;4_4&#8243; _builder_version=&#8221;3.0.89&#8243; parallax=&#8221;off&#8221; parallax_method=&#8221;on&#8221;][et_pb_text _builder_version=&#8221;3.0.89&#8243;]<\/p>\n<h3 style=\"text-align: center;\"><span style=\"font-size: xx-large;\"><span style=\"color: #ff0000;\"><strong>Wojciech Poprawa<\/strong><\/span><span style=\"color: #000000;\"><strong> \u015apiewnik domowy nr 1<\/strong> &#8211; <strong><em>Wybrane pie\u015bni powsta\u0144cze<\/em><\/strong><\/span><\/span><\/h3>\n<p>\u00a0 <span style=\"color: #ff0000;\"><strong><img loading=\"lazy\" class=\"size-medium alignnone\" src=\"http:\/\/dobrekoncerty.com\/Videos\/logo.jpg\" alt=\"\" style=\"display: block; margin-left: auto; margin-right: auto;\" width=\"320\" height=\"157\" \/><\/strong><\/span> \u00a0<\/p>\n<h3 style=\"text-align: center;\"><strong><span style=\"color: #000000;\">Zrealizowano w ramach Stypendium Ministra<\/span> <span style=\"color: #ff0000;\">Kultury<\/span><\/strong><strong> <span style=\"color: #000000;\">Dziedzictwa Narodowego<\/span> <span style=\"color: #ff0000;\">i Sportu<\/span>.<\/strong><\/h3>\n<p><strong><\/strong><\/p>\n<h4 style=\"text-align: center;\"><a href=\"http:\/\/dobrekoncerty.com\/Videos\/spiewnik.pdf\"><span style=\"color: #ff0000;\"><strong><span style=\"color: #000000;\">\u015apiewnik do pobrania &#8211; kliknij tutaj.<\/span><\/strong><\/span><\/a><\/h4>\n<p>[\/et_pb_text][\/et_pb_column][\/et_pb_row][et_pb_row custom_padding=&#8221;4px|0px|3px|0px&#8221; _builder_version=&#8221;3.0.89&#8243;][et_pb_column type=&#8221;4_4&#8243; _builder_version=&#8221;3.0.89&#8243; parallax=&#8221;off&#8221; parallax_method=&#8221;on&#8221;][et_pb_video_slider show_image_overlay=&#8221;on&#8221; _builder_version=&#8221;3.0.89&#8243; box_shadow_style=&#8221;preset1&#8243; box_shadow_spread=&#8221;15px&#8221;][et_pb_video_slider_item admin_title=&#8221;01. Bij\u0105 si\u0119 powsta\u0144cy do opolskiej g\u00f3ry &#8211; podk\u0142ad karaoke&#8221; src=&#8221;http:\/\/dobrekoncerty.com\/Videos\/01k.mp4&#8243; image_src=&#8221;http:\/\/dobrekoncerty.com\/Videos\/01k.png&#8221; _builder_version=&#8221;3.0.89&#8243; show_image_overlay=&#8221;on&#8221;][\/et_pb_video_slider_item][et_pb_video_slider_item admin_title=&#8221;01. Bij\u0105 si\u0119 powsta\u0144cy do opolskiej g\u00f3ry &#8211; z wokalem&#8221; src=&#8221;http:\/\/dobrekoncerty.com\/Videos\/01w.mp4&#8243; image_src=&#8221;http:\/\/dobrekoncerty.com\/Videos\/01w.png&#8221; _builder_version=&#8221;3.0.89&#8243; show_image_overlay=&#8221;on&#8221;][\/et_pb_video_slider_item][et_pb_video_slider_item admin_title=&#8221;02. Do bytomskich strzelc\u00f3w &#8211; podk\u0142ad karaoke&#8221; src=&#8221;http:\/\/dobrekoncerty.com\/Videos\/02k.mp4&#8243; image_src=&#8221;http:\/\/dobrekoncerty.com\/Videos\/02k.png&#8221; _builder_version=&#8221;3.0.89&#8243; show_image_overlay=&#8221;on&#8221;][\/et_pb_video_slider_item][et_pb_video_slider_item admin_title=&#8221;02. Do bytomskich strzelc\u00f3w &#8211; z wokalem&#8221; src=&#8221;http:\/\/dobrekoncerty.com\/Videos\/02w.mp4&#8243; image_src=&#8221;http:\/\/dobrekoncerty.com\/Videos\/02w.png&#8221; _builder_version=&#8221;3.0.89&#8243; show_image_overlay=&#8221;on&#8221;][\/et_pb_video_slider_item][et_pb_video_slider_item admin_title=&#8221;03. Ej dostone \u017cytko &#8211; podk\u0142ad karaoke&#8221; src=&#8221;dobrekoncerty.com\/Videos\/03k.mp4&#8243; image_src=&#8221;http:\/\/dobrekoncerty.com\/Videos\/03k.png&#8221; _builder_version=&#8221;3.0.89&#8243; show_image_overlay=&#8221;on&#8221;][\/et_pb_video_slider_item][et_pb_video_slider_item admin_title=&#8221;03. Ej dostone \u017cytko &#8211; z wokalem&#8221; src=&#8221;dobrekoncerty.com\/Videos\/03w.mp4&#8243; image_src=&#8221;http:\/\/dobrekoncerty.com\/Videos\/03w.png&#8221; _builder_version=&#8221;3.0.89&#8243; show_image_overlay=&#8221;on&#8221;][\/et_pb_video_slider_item][et_pb_video_slider_item admin_title=&#8221;04. Ju\u017c zachodzi czerwone s\u0142oneczko &#8211; podk\u0142ad karaoke&#8221; src=&#8221;http:\/\/dobrekoncerty.com\/Videos\/04k.mp4&#8243; image_src=&#8221;http:\/\/dobrekoncerty.com\/Videos\/04k.png&#8221; _builder_version=&#8221;3.0.89&#8243; show_image_overlay=&#8221;on&#8221;][\/et_pb_video_slider_item][et_pb_video_slider_item admin_title=&#8221;04. Ju\u017c zachodzi czerwone s\u0142oneczko &#8211; z wokalem&#8221; src=&#8221;http:\/\/dobrekoncerty.com\/Videos\/04w.mp4&#8243; image_src=&#8221;https:\/\/dobrekoncerty.com\/Videos\/04w.png&#8221; _builder_version=&#8221;3.0.89&#8243; show_image_overlay=&#8221;on&#8221;][\/et_pb_video_slider_item][et_pb_video_slider_item admin_title=&#8221;05. Kajze mi si\u0119 podzio\u0142 m\u00f3j synocek mi\u0142y &#8211; podk\u0142ad karaoke&#8221; src=&#8221;http:\/\/dobrekoncerty.com\/Videos\/05k.mp4&#8243; image_src=&#8221;http:\/\/dobrekoncerty.com\/Videos\/05k.png&#8221; _builder_version=&#8221;3.0.89&#8243; show_image_overlay=&#8221;on&#8221;][\/et_pb_video_slider_item][et_pb_video_slider_item admin_title=&#8221;05. Kajze mi si\u0119 podzio\u0142 m\u00f3j synocek mi\u0142y &#8211; z wokalem&#8221; src=&#8221;http:\/\/dobrekoncerty.com\/Videos\/05w.mp4&#8243; image_src=&#8221;http:\/\/dobrekoncerty.com\/Videos\/05w.png&#8221; _builder_version=&#8221;3.0.89&#8243; show_image_overlay=&#8221;on&#8221;][\/et_pb_video_slider_item][et_pb_video_slider_item admin_title=&#8221;06. Nie damy \u015bl\u0105ska sk\u0105d nasz r\u00f3d &#8211; podk\u0142ad karaoke&#8221; src=&#8221;http:\/\/dobrekoncerty.com\/Videos\/06k.mp4&#8243; image_src=&#8221;http:\/\/dobrekoncerty.com\/Videos\/06k.png&#8221; _builder_version=&#8221;3.0.89&#8243; show_image_overlay=&#8221;on&#8221;][\/et_pb_video_slider_item][et_pb_video_slider_item admin_title=&#8221;06. Nie damy \u015bl\u0105ska sk\u0105d nasz r\u00f3d &#8211; z wokalem&#8221; src=&#8221;http:\/\/dobrekoncerty.com\/Videos\/06w.mp4&#8243; image_src=&#8221;http:\/\/dobrekoncerty.com\/Videos\/06w.png&#8221; _builder_version=&#8221;3.0.89&#8243; show_image_overlay=&#8221;on&#8221;][\/et_pb_video_slider_item][et_pb_video_slider_item admin_title=&#8221;07. Od Bytomia bita droga &#8211; podk\u0142ad karaoke&#8221; src=&#8221;http:\/\/dobrekoncerty.com\/Videos\/07k.mp4&#8243; image_src=&#8221;http:\/\/dobrekoncerty.com\/Videos\/07k.png&#8221; _builder_version=&#8221;3.0.89&#8243; show_image_overlay=&#8221;on&#8221;][\/et_pb_video_slider_item][et_pb_video_slider_item admin_title=&#8221;07. Od Bytomia bita droga &#8211; z wokalem&#8221; src=&#8221;http:\/\/dobrekoncerty.com\/Videos\/07w.mp4&#8243; image_src=&#8221;http:\/\/dobrekoncerty.com\/Videos\/07w.png&#8221; _builder_version=&#8221;3.0.89&#8243; show_image_overlay=&#8221;on&#8221;][\/et_pb_video_slider_item][et_pb_video_slider_item admin_title=&#8221;08. Ten 21 roczek &#8211; podk\u0142ad karaoke&#8221; src=&#8221;http:\/\/dobrekoncerty.com\/Videos\/08k.mp4&#8243; image_src=&#8221;http:\/\/dobrekoncerty.com\/Videos\/08k.png&#8221; _builder_version=&#8221;3.0.89&#8243; show_image_overlay=&#8221;on&#8221;][\/et_pb_video_slider_item][et_pb_video_slider_item admin_title=&#8221;08. Ten 21 roczek &#8211; z wokalem&#8221; src=&#8221;http:\/\/dobrekoncerty.com\/Videos\/08w.mp4&#8243; image_src=&#8221;http:\/\/dobrekoncerty.com\/Videos\/08w.png&#8221; _builder_version=&#8221;3.0.89&#8243; show_image_overlay=&#8221;on&#8221;][\/et_pb_video_slider_item][\/et_pb_video_slider][\/et_pb_column][\/et_pb_row][et_pb_row custom_padding=&#8221;0px|460px|0px|460px&#8221; _builder_version=&#8221;3.0.89&#8243; background_color=&#8221;rgba(170,170,170,0.46)&#8221; custom_margin=&#8221;|||&#8221;][et_pb_column type=&#8221;4_4&#8243; _builder_version=&#8221;3.0.89&#8243; parallax=&#8221;off&#8221; parallax_method=&#8221;on&#8221;][et_pb_blurb url=&#8221;https:\/\/katowice.ipn.gov.pl\/pl3\/aktualnosci\/104217,Katowicki-IPN-przygotowal-replike-sztandaru-powstanczego-%20Tobie-Polsko-z-okazji-1.html&#8221; url_new_window=&#8221;on&#8221; _builder_version=&#8221;3.0.89&#8243; body_font=&#8221;||||||||&#8221;]<\/p>\n<p style=\"text-align: center;\"><span style=\"color: #000000;\"><a href=\"https:\/\/katowice.ipn.gov.pl\/pl3\/aktualnosci\/104217,Katowicki-IPN-przygotowal-replike-sztandaru-powstanczego-%20Tobie-Polsko-z-okazji-1.html\" style=\"color: #000000;\">\u0179r\u00f3d\u0142o grafiki w tle tutaj!<\/a><\/span><\/p>\n<p>[\/et_pb_blurb][\/et_pb_column][\/et_pb_row][\/et_pb_section][et_pb_section fb_built=&#8221;1&#8243; background_color=&#8221;rgba(0,0,0,0)&#8221; _builder_version=&#8221;3.0.89&#8243; custom_padding=&#8221;61px|0px|54px|0px&#8221;][et_pb_row custom_padding=&#8221;15px|0px|0px|0px&#8221; _builder_version=&#8221;3.0.89&#8243;][et_pb_column type=&#8221;4_4&#8243; _builder_version=&#8221;3.0.89&#8243; parallax=&#8221;off&#8221; parallax_method=&#8221;on&#8221;][et_pb_gallery gallery_ids=&#8221;108,103,99,100,67,101,102,48&#8243; gallery_captions=&#8221;,,,,,,,&#8221; posts_number=&#8221;8&#8243; show_title_and_caption=&#8221;off&#8221; show_pagination=&#8221;off&#8221; _builder_version=&#8221;3.0.89&#8243; pagination_font=&#8221;||||||||&#8221;][\/et_pb_gallery][\/et_pb_column][\/et_pb_row][et_pb_row _builder_version=&#8221;3.0.89&#8243;][et_pb_column type=&#8221;1_2&#8243; _builder_version=&#8221;3.0.89&#8243; parallax=&#8221;off&#8221; parallax_method=&#8221;on&#8221;][et_pb_code _builder_version=&#8221;3.0.89&#8243;]&lt;iframe width=&quot;560&quot; height=&quot;315&quot; src=&quot;https:\/\/www.youtube.com\/embed\/sKMqSWMzCKE&quot; frameborder=&quot;0&quot; allow=&quot;accelerometer; autoplay; encrypted-media; gyroscope; picture-in-picture&quot; allowfullscreen&gt;&lt;\/iframe&gt;[\/et_pb_code][\/et_pb_column][et_pb_column type=&#8221;1_2&#8243; _builder_version=&#8221;3.0.89&#8243; parallax=&#8221;off&#8221; parallax_method=&#8221;on&#8221;][et_pb_code _builder_version=&#8221;3.0.89&#8243;]&lt;iframe width=&quot;560&quot; height=&quot;315&quot; src=&quot;https:\/\/www.youtube.com\/embed\/BdoSggMNEsk&quot; frameborder=&quot;0&quot; allow=&quot;accelerometer; autoplay; encrypted-media; gyroscope; picture-in-picture&quot; allowfullscreen&gt;&lt;\/iframe&gt;[\/et_pb_code][\/et_pb_column][\/et_pb_row][\/et_pb_section][et_pb_section fb_built=&#8221;1&#8243; fullwidth=&#8221;on&#8221; _builder_version=&#8221;3.0.89&#8243; background_image=&#8221;https:\/\/dobrekoncerty.com\/wp-content\/uploads\/2019\/01\/122.jpg&#8221; parallax=&#8221;on&#8221; custom_padding=&#8221;0px|0px|336px|0px&#8221;][\/et_pb_section][et_pb_section fb_built=&#8221;1&#8243; _builder_version=&#8221;3.0.89&#8243;][et_pb_row _builder_version=&#8221;3.0.89&#8243;][et_pb_column type=&#8221;1_4&#8243; _builder_version=&#8221;3.0.89&#8243; parallax=&#8221;off&#8221; parallax_method=&#8221;on&#8221;][\/et_pb_column][et_pb_column type=&#8221;1_4&#8243; _builder_version=&#8221;3.0.89&#8243; parallax=&#8221;off&#8221; parallax_method=&#8221;on&#8221;][et_pb_image src=&#8221;https:\/\/dobrekoncerty.com\/wp-content\/uploads\/2019\/01\/logo-1.jpg&#8221; align=&#8221;center&#8221; _builder_version=&#8221;3.0.89&#8243;][\/et_pb_image][\/et_pb_column][et_pb_column type=&#8221;1_4&#8243; _builder_version=&#8221;3.0.89&#8243; parallax=&#8221;off&#8221; parallax_method=&#8221;on&#8221;][et_pb_text _builder_version=&#8221;3.0.89&#8243;]<\/p>\n<h1>Dobrekoncerty &#8211; Wojciech Poprawa<\/h1>\n<p>e-mail: <a href=\"mailto:info@dobrekoncerty.com\">info@dobrekoncerty.com<\/a><\/p>\n<p>FB:\u00a0<a href=\"https:\/\/www.facebook.com\/wptenor\">www.facebook.com\/wptenor<\/a><br \/>\nFB: DobreKoncerty<\/p>\n<p>tel.: 605 684 355\u00a0 \u00a0|\u00a0 \u00a0609 076 800<\/p>\n<p>[\/et_pb_text][\/et_pb_column][et_pb_column type=&#8221;1_4&#8243; _builder_version=&#8221;3.0.89&#8243; parallax=&#8221;off&#8221; parallax_method=&#8221;on&#8221;][\/et_pb_column][\/et_pb_row][\/et_pb_section]<\/p>\n","protected":false},"excerpt":{"rendered":"<p>[et_pb_section fb_built=&#8221;1&#8243; _builder_version=&#8221;3.0.89&#8243; background_image=&#8221;https:\/\/dobrekoncerty.com\/wp-content\/uploads\/2019\/01\/123123123123123.jpg&#8221; allow_player_pause=&#8221;on&#8221; custom_padding=&#8221;0px|0px|26px|0px&#8221;][et_pb_row custom_padding=&#8221;27px|0px|285px|0px&#8221; _builder_version=&#8221;3.0.89&#8243;][et_pb_column type=&#8221;1_2&#8243; _builder_version=&#8221;3.0.89&#8243; parallax=&#8221;off&#8221; parallax_method=&#8221;on&#8221;][\/et_pb_column][et_pb_column type=&#8221;1_2&#8243; _builder_version=&#8221;3.0.89&#8243; parallax=&#8221;off&#8221; parallax_method=&#8221;on&#8221;][et_pb_text background_layout=&#8221;dark&#8221; _builder_version=&#8221;3.0.89&#8243; text_font=&#8221;||||||||&#8221; text_font_size=&#8221;77px&#8221; text_font_size_phone=&#8221;10px&#8221; text_font_size_last_edited=&#8221;on|desktop&#8221; text_letter_spacing=&#8221;12px&#8221; text_line_height=&#8221;1.9em&#8221; text_orientation=&#8221;center&#8221; animation_style=&#8221;fade&#8221;] DOBRE KONCERTY [\/et_pb_text][\/et_pb_column][\/et_pb_row][\/et_pb_section][et_pb_section fb_built=&#8221;1&#8243; fullwidth=&#8221;on&#8221; _builder_version=&#8221;3.0.89&#8243; custom_padding=&#8221;0px|0px|0px|0px&#8221;][\/et_pb_section][et_pb_section fb_built=&#8221;1&#8243; _builder_version=&#8221;3.0.89&#8243; custom_padding=&#8221;0px|0px|54px|0px&#8221;][et_pb_row _builder_version=&#8221;3.0.89&#8243;][et_pb_column type=&#8221;1_2&#8243; _builder_version=&#8221;3.0.89&#8243; parallax=&#8221;off&#8221; parallax_method=&#8221;on&#8221;][et_pb_text _builder_version=&#8221;3.0.89&#8243;] DOBRE KONCERTY tworzycie Pa\u0144stwo razem z nami jako samodzielne wydarzenia lub cz\u0119\u015b\u0107 wi\u0119kszych [&hellip;]<\/p>\n","protected":false},"author":1,"featured_media":0,"parent":0,"menu_order":0,"comment_status":"closed","ping_status":"closed","template":"","meta":[],"_links":{"self":[{"href":"https:\/\/dobrekoncerty.com\/index.php?rest_route=\/wp\/v2\/pages\/38"}],"collection":[{"href":"https:\/\/dobrekoncerty.com\/index.php?rest_route=\/wp\/v2\/pages"}],"about":[{"href":"https:\/\/dobrekoncerty.com\/index.php?rest_route=\/wp\/v2\/types\/page"}],"author":[{"embeddable":true,"href":"https:\/\/dobrekoncerty.com\/index.php?rest_route=\/wp\/v2\/users\/1"}],"replies":[{"embeddable":true,"href":"https:\/\/dobrekoncerty.com\/index.php?rest_route=%2Fwp%2Fv2%2Fcomments&post=38"}],"version-history":[{"count":63,"href":"https:\/\/dobrekoncerty.com\/index.php?rest_route=\/wp\/v2\/pages\/38\/revisions"}],"predecessor-version":[{"id":201,"href":"https:\/\/dobrekoncerty.com\/index.php?rest_route=\/wp\/v2\/pages\/38\/revisions\/201"}],"wp:attachment":[{"href":"https:\/\/dobrekoncerty.com\/index.php?rest_route=%2Fwp%2Fv2%2Fmedia&parent=38"}],"curies":[{"name":"wp","href":"https:\/\/api.w.org\/{rel}","templated":true}]}}